{"id":15754,"date":"2026-04-22T10:20:28","date_gmt":"2026-04-22T10:20:28","guid":{"rendered":"https:\/\/licitactiva.com\/politica-de-privacitat\/"},"modified":"2026-05-12T15:20:59","modified_gmt":"2026-05-12T15:20:59","slug":"politica-de-privacitat","status":"publish","type":"page","link":"https:\/\/licitactiva.com\/ca\/politica-de-privacitat\/","title":{"rendered":"Pol\u00edtica de privacitat"},"content":{"rendered":"\t\t<div data-elementor-type=\"wp-page\" data-elementor-id=\"15754\" class=\"elementor elementor-15754 elementor-134\" data-elementor-post-type=\"page\">\n\t\t\t\t<div class=\"elementor-element elementor-element-a338c6c e-con-full e-flex e-con e-parent\" data-id=\"a338c6c\" data-element_type=\"container\" data-e-type=\"container\" data-settings=\"{&quot;background_background&quot;:&quot;classic&quot;}\">\n\t\t<div class=\"elementor-element elementor-element-5f55839 e-con-full e-flex e-con e-child\" data-id=\"5f55839\" data-element_type=\"container\" data-e-type=\"container\">\n\t\t\t\t<div class=\"elementor-element elementor-element-3da88f7 elementor-widget elementor-widget-spacer\" data-id=\"3da88f7\" data-element_type=\"widget\" data-e-type=\"widget\" data-widget_type=\"spacer.default\">\n\t\t\t\t\t\t\t<div class=\"elementor-spacer\">\n\t\t\t<div class=\"elementor-spacer-inner\"><\/div>\n\t\t<\/div>\n\t\t\t\t\t\t<\/div>\n\t\t\t\t<div class=\"elementor-element elementor-element-c242d63 elementor-widget elementor-widget-heading\" data-id=\"c242d63\" data-element_type=\"widget\" data-e-type=\"widget\" data-widget_type=\"heading.default\">\n\t\t\t\t\t<h1 class=\"elementor-heading-title elementor-size-default\">Pol\u00edtica de privacitat<\/h1>\t\t\t\t<\/div>\n\t\t\t\t<div class=\"elementor-element elementor-element-56a741a elementor-widget elementor-widget-spacer\" data-id=\"56a741a\" data-element_type=\"widget\" data-e-type=\"widget\" data-widget_type=\"spacer.default\">\n\t\t\t\t\t\t\t<div class=\"elementor-spacer\">\n\t\t\t<div class=\"elementor-spacer-inner\"><\/div>\n\t\t<\/div>\n\t\t\t\t\t\t<\/div>\n\t\t\t\t<\/div>\n\t\t\t\t<\/div>\n\t\t<div class=\"elementor-element elementor-element-2fa56ff e-flex e-con-boxed e-con e-parent\" data-id=\"2fa56ff\" data-element_type=\"container\" data-e-type=\"container\">\n\t\t\t\t\t<div class=\"e-con-inner\">\n\t\t<div class=\"elementor-element elementor-element-5c612e8 e-con-full e-flex e-con e-child\" data-id=\"5c612e8\" data-element_type=\"container\" data-e-type=\"container\">\n\t\t\t\t<div class=\"elementor-element elementor-element-6c72a38 elementor-widget__width-initial elementor-widget elementor-widget-text-editor\" data-id=\"6c72a38\" data-element_type=\"widget\" data-e-type=\"widget\" data-widget_type=\"text-editor.default\">\n\t\t\t\t\t\t\t\t\t<p><\/p>\n<p style=\"font-size: 16px; text-align: justify;\">Amb la finalitat de donar compliment a l&#8217;article 10 de la Llei 34\/2002 de Serveis de la Societat de la Informaci\u00f3 i Comer\u00e7 Electr\u00f2nic, informem l&#8217;usuari de les nostres dades:<\/p>\n<p style=\"font-size: 16px; text-align: justify;\"><u>Nom comercial<\/u>: LICITACTIVA<\/p>\n<p style=\"font-size: 16px; text-align: justify;\"><u>Domicili social<\/u>: RAMBLA DE LA LLIBERTAT, 6, GIRONA<\/p>\n<p style=\"font-size: 16px; text-align: justify;\"><u>Tel\u00e8fon<\/u>: 646 419 174<\/p>\n<p style=\"font-size: 16px; text-align: justify;\"><u>Email<\/u>: licitactiva@licitactiva.cat<\/p>\n<p style=\"font-size: 16px; text-align: justify;\"><u>P\u00e0gina web<\/u>: www.licitactiva.cat<\/p>\n<p style=\"font-size: 16px; text-align: justify;\"><br><\/p>\n<p style=\"font-size: 16px; text-align: justify;\">\n<\/p><p style=\"font-size: 16px; caret-color: #000000; color: #000000; font-family: Montserrat, sans-serif; text-align: justify;\"><b>1. RESPONSABLE DEL TRACTAMENT<\/b><\/p>\n<p style=\"font-size: 16px; caret-color: #000000; color: #000000; font-family: Montserrat, sans-serif; text-align: justify;\">LICITACTIVA (d&#8217;ara endavant, el \u201cResponsable\u201d).<\/p>\n<p style=\"font-size: 16px; caret-color: #000000; color: #000000; font-family: Montserrat, sans-serif; text-align: justify;\"><b>1.1. Normativa aplicable &nbsp;<\/b><\/p>\n<p style=\"font-size: 16px; caret-color: #000000; color: #000000; font-family: Montserrat, sans-serif; text-align: justify;\">La nostra Pol\u00edtica de Privacitat s&#8217;ha dissenyat d&#8217;acord amb el Reglament General de Protecci\u00f3 de Dades de la UE 2016\/679 del Parlament Europeu i del Consell, de 27 d&#8217;abril de 2016, relatiu a la protecci\u00f3 de les persones f\u00edsiques pel que fa al tractament de dades personals i a la lliure circulaci\u00f3 d&#8217;aquestes dades i pel qual es deroga la Directiva 95\/46\/CE (Reglament general de protecci\u00f3 de dades), i la Llei org\u00e0nica 3\/2018 de 5 de desembre, de Protecci\u00f3 de Dades de Car\u00e0cter Personal i Garantia dels Drets Digitals.&nbsp;<\/p>\n<p style=\"font-size: 16px; caret-color: #000000; color: #000000; font-family: Montserrat, sans-serif; text-align: justify;\">En facilitar-nos les seves dades, Vost\u00e8 declara haver llegit i con\u00e8ixer la present Pol\u00edtica de Privacitat, prestant el seu consentiment inequ\u00edvoc i expr\u00e9s al tractament de les seves dades personals d&#8217;acord amb les finalitats i termes aqu\u00ed expressats.&nbsp;<\/p>\n<p style=\"font-size: 16px; caret-color: #000000; color: #000000; font-family: Montserrat, sans-serif; text-align: justify;\">L&#8217;Empresa podr\u00e0 modificar la present Pol\u00edtica de Privacitat per adaptar-la a les novetats legislatives, jurisprudencials o d&#8217;interpretaci\u00f3 de l&#8217;Ag\u00e8ncia Espanyola de Protecci\u00f3 de Dades. Aquestes condicions de privacitat podran ser complementades per l&#8217;Av\u00eds Legal, Pol\u00edtica de Cookies i les Condicions Generals que, si escau, es recullin per a determinats productes o serveis si aquest acc\u00e9s suposa alguna especialitat en mat\u00e8ria de protecci\u00f3 de dades de car\u00e0cter personal.  &nbsp;<\/p>\n<p style=\"font-size: 16px; caret-color: #000000; color: #000000; font-family: Montserrat, sans-serif; text-align: justify;\"><b>1.2. Responsable de protecci\u00f3 de dades <\/b><\/p>\n<p style=\"font-size: 16px; caret-color: #000000; color: #000000; font-family: Montserrat, sans-serif; text-align: justify;\">LICITACTIVA.<\/p>\n<p style=\"font-size: 16px; caret-color: #000000; color: #000000; font-family: Montserrat, sans-serif; text-align: justify;\"><br><\/p>\n<p style=\"font-size: 16px; caret-color: #000000; color: #000000; font-family: Montserrat, sans-serif; text-align: justify;\">\n<\/p><p style=\"font-size: 16px; caret-color: #000000; color: #000000; font-family: Montserrat, sans-serif; text-align: justify;\"><b>2. FINALITAT DEL TRACTAMENT DE LES DADES PERSONALS&nbsp;<\/b><\/p>\n<p style=\"font-size: 16px; caret-color: #000000; color: #000000; font-family: Montserrat, sans-serif; text-align: justify;\">El tractament que realitzem de les seves dades personals respon a les seg\u00fcents finalitats:&nbsp;<\/p>\n<ul style=\"font-size: 16px; background-image: none; background-color: #ffffff; caret-color: #000000; color: #000000; font-family: Montserrat, sans-serif; text-align: justify;\">\n<li style=\"font-size: 16px; background-image: none; background-color: #ffffff;\">Proporcionar-li informaci\u00f3 relacionada amb els productes i serveis que ofereix la nostra empresa i que es detallen en aquest lloc web.<\/li>\n<li style=\"font-size: 16px; background-image: none; background-color: #ffffff;\">Realitzar la contractaci\u00f3 dels nostres serveis mitjan\u00e7ant l&#8217;acceptaci\u00f3 del corresponent pressupost\/comanda i\/o la signatura d&#8217;un contracte mercantil.&nbsp;<\/li>\n<li style=\"font-size: 16px; background-image: none; background-color: #ffffff;\">Enviar-li per correu electr\u00f2nic i\/o postal les not\u00edcies i novetats sobre la nostra entitat, aix\u00ed com les actualitzacions del nostre cat\u00e0leg de productes i serveis.<\/li>\n<\/ul>\n<p style=\"font-size: 16px; caret-color: #000000; color: #000000; font-family: Montserrat, sans-serif; text-align: justify;\"><span style=\"font-family: var( --e-global-typography-text-font-family ), Sans-serif; font-size: 1rem;\"><b>2.1. Termini de Conservaci\u00f3 de les seves dades &nbsp;<\/b><\/span><\/p>\n<p style=\"font-size: 16px; caret-color: #000000; color: #000000; font-family: Montserrat, sans-serif; text-align: justify;\">Conservarem les seves dades personals des que ens doni el seu consentiment fins que el revoqui o sol\u00b7liciti la limitaci\u00f3 del tractament. En aquests casos, mantindrem les seves dades de forma bloquejada durant els terminis legalment exigits.  &nbsp;<\/p>\n<p style=\"font-size: 16px; caret-color: #000000; color: #000000; font-family: Montserrat, sans-serif; text-align: justify;\">\n<\/p><p style=\"font-size: 16px; caret-color: #000000; color: #000000; font-family: Montserrat, sans-serif; text-align: justify;\"><br><\/p><p style=\"font-size: 16px; caret-color: #000000; color: #000000; font-family: Montserrat, sans-serif; text-align: justify;\"><b>3. LEGITIMACI\u00d3 I DADES RECAPTADES&nbsp;<\/b><\/p>\n<p style=\"font-size: 16px; caret-color: #000000; color: #000000; font-family: Montserrat, sans-serif; text-align: justify;\">La legitimaci\u00f3 per al tractament de les seves dades \u00e9s el consentiment expr\u00e9s atorgat mitjan\u00e7ant un acte positiu i afirmatiu (emplenar el formulari corresponent i marcar la casella d&#8217;acceptaci\u00f3 d&#8217;aquesta pol\u00edtica) en el moment de facilitar-nos les seves dades personals.&nbsp;<\/p>\n<p style=\"font-size: 16px; caret-color: #000000; color: #000000; font-family: Montserrat, sans-serif; text-align: justify;\"><b>3.1. Consentiment per tractar les seves dades &nbsp;<\/b><\/p>\n<p style=\"font-size: 16px; caret-color: #000000; color: #000000; font-family: Montserrat, sans-serif; text-align: justify;\">En emplenar els formularis, marcar la casella \u201cAccepto la Pol\u00edtica de Privacitat\u201d i fer clic per enviar les dades, o en remetre correus electr\u00f2nics a l&#8217;Empresa a trav\u00e9s dels comptes habilitats a l&#8217;efecte, l&#8217;Usuari manifesta haver llegit i acceptat expressament la present pol\u00edtica de privacitat, atorgant el seu consentiment inequ\u00edvoc i expr\u00e9s al tractament de les seves dades personals conforme a les finalitats indicades.&nbsp;<\/p>\n<p style=\"font-size: 16px; caret-color: #000000; color: #000000; font-family: Montserrat, sans-serif; text-align: justify;\"><b>3.2. Categories de dades <\/b>&nbsp;<\/p>\n<p style=\"font-size: 16px; caret-color: #000000; color: #000000; font-family: Montserrat, sans-serif; text-align: justify;\">3.2. Les categories de dades que es recullen es refereixen a la categoria de dades identificatives, com poden ser: Nom i Cognoms, Tel\u00e8fon, Adre\u00e7a Postal, Empresa, Correu electr\u00f2nic, aix\u00ed com l&#8217;adre\u00e7a IP des d&#8217;on accedeix al formulari de recollida de dades.<\/p>\n<p style=\"font-size: 16px; caret-color: #000000; color: #000000; font-family: Montserrat, sans-serif; text-align: justify;\">\n<\/p><p style=\"font-size: 16px; caret-color: #000000; color: #000000; font-family: Montserrat, sans-serif; text-align: justify;\"><br><\/p><p style=\"font-size: 16px; caret-color: #000000; color: #000000; font-family: Montserrat, sans-serif; text-align: justify;\"><b>4. MESURES DE SEGURETAT&nbsp;<\/b><\/p>\n<p style=\"font-size: 16px; caret-color: #000000; color: #000000; font-family: Montserrat, sans-serif; text-align: justify;\">Dins del nostre comprom\u00eds per garantir la seguretat i confidencialitat de les seves dades de car\u00e0cter personal, l&#8217;informem que s&#8217;han adoptat les mesures de car\u00e0cter t\u00e8cnic i organitzatives necess\u00e0ries per garantir la seguretat de les dades de car\u00e0cter personal i evitar-ne l&#8217;alteraci\u00f3, p\u00e8rdua, tractament o acc\u00e9s no autoritzat, tenint en compte l&#8217;estat de la tecnologia, la naturalesa de les dades emmagatzemades i els riscos a qu\u00e8 estiguin exposades, segons l&#8217;art. 32 del RGPD UE 679\/2016. <\/p><p style=\"font-size: 16px; caret-color: #000000; color: #000000; font-family: Montserrat, sans-serif; text-align: justify;\"><br><\/p>\n<p style=\"font-size: 16px; caret-color: #000000; color: #000000; font-family: Montserrat, sans-serif; text-align: justify;\">\n<\/p><p style=\"font-size: 16px; caret-color: #000000; color: #000000; font-family: Montserrat, sans-serif; text-align: justify;\"><b>5. CESSI\u00d3 DE DADES&nbsp;<\/b><\/p>\n<p style=\"font-size: 16px; caret-color: #000000; color: #000000; font-family: Montserrat, sans-serif; text-align: justify;\">No es preveuen cessions de dades ni transfer\u00e8ncies internacionals de les seves dades, amb excepci\u00f3 de les autoritzades per la legislaci\u00f3 fiscal, mercantil i de telecomunicacions, aix\u00ed com en aquells casos en qu\u00e8 una autoritat judicial ens ho requereixi.<\/p><p style=\"font-size: 16px; caret-color: #000000; color: #000000; font-family: Montserrat, sans-serif; text-align: justify;\"><br><\/p>\n<p style=\"font-size: 16px; caret-color: #000000; color: #000000; font-family: Montserrat, sans-serif; text-align: justify;\">\n<\/p><p style=\"font-size: 16px; caret-color: #000000; color: #000000; font-family: Montserrat, sans-serif; text-align: justify;\"><b>6. DRETS DE L&#8217;USUARI&nbsp;<\/b><\/p>\n<p style=\"font-size: 16px; caret-color: #000000; color: #000000; font-family: Montserrat, sans-serif; text-align: justify;\">Qualsevol interessat t\u00e9 dret a obtenir confirmaci\u00f3 sobre si estem tractant dades personals que el concerneixen, o no. Els interessats tenen dret a accedir a les seves dades personals, aix\u00ed com a sol\u00b7licitar la rectificaci\u00f3 de les dades inexactes o, si escau, sol\u00b7licitar-ne la supressi\u00f3 quan, entre altres motius, les dades ja no siguin necess\u00e0ries per a les finalitats per a les quals van ser recollides. En determinades circumst\u00e0ncies, els interessats podran sol\u00b7licitar la limitaci\u00f3 del tractament de les seves dades, en aquest cas \u00fanicament les conservarem per a l&#8217;exercici o la defensa de reclamacions. Per motius relacionats amb la seva situaci\u00f3 particular, els interessats podran oposar-se al tractament de les seves dades. El Responsable del fitxer deixar\u00e0 de tractar les dades, excepte per motius imperiosos leg\u00edtims, o l&#8217;exercici o la defensa de possibles reclamacions.     <\/p>\n<p style=\"font-size: 16px; caret-color: #000000; color: #000000; font-family: Montserrat, sans-serif; text-align: justify;\">D&#8217;acord amb la legislaci\u00f3 vigent t\u00e9 els seg\u00fcents drets: dret a sol\u00b7licitar l&#8217;acc\u00e9s a les seves dades personals, dret a sol\u00b7licitar-ne la rectificaci\u00f3 o supressi\u00f3, dret a sol\u00b7licitar la limitaci\u00f3 del seu tractament, dret a oposar-se al tractament, dret a la portabilitat de les dades i, aix\u00ed mateix, a revocar el consentiment atorgat. Aix\u00ed mateix, tindr\u00e0 dret a presentar una reclamaci\u00f3 davant l&#8217;Ag\u00e8ncia Espanyola de Protecci\u00f3 de Dades.  &nbsp;<\/p>\n<p style=\"font-size: 16px; caret-color: #000000; color: #000000; font-family: Montserrat, sans-serif; text-align: justify;\"><b>6.1. Com exercir els meus drets?&nbsp;<\/b><\/p>\n<p style=\"font-size: 16px; caret-color: #000000; color: #000000; font-family: Montserrat, sans-serif; text-align: justify;\">Per exercir els seus drets, ha de dirigir-se al responsable, sol\u00b7licitant el corresponent formulari per a l&#8217;exercici del dret triat. Opcionalment, pot acudir a l&#8217;Autoritat de Control competent per obtenir informaci\u00f3 addicional sobre els seus drets. Les dades de contacte per a l&#8217;exercici dels seus drets s\u00f3n el tel\u00e8fon 653 841 001 i el correu electr\u00f2nic: foster@foster.cat. Recordi acompanyar una c\u00f2pia d&#8217;un document que ens permeti identificar-lo.    <\/p><p style=\"font-size: 16px; caret-color: #000000; color: #000000; font-family: Montserrat, sans-serif; text-align: justify;\"><br><\/p>\n<p style=\"font-size: 16px; caret-color: #000000; color: #000000; font-family: Montserrat, sans-serif; text-align: justify;\">\n<\/p><p style=\"font-size: 16px; caret-color: #000000; color: #000000; font-family: Montserrat, sans-serif; text-align: justify;\"><b>7. CONSENTIMENT PER A L&#8217;ENVIAMENT DE COMUNICACIONS ELECTR\u00d2NIQUES<\/b><\/p>\n<p style=\"font-size: 16px; caret-color: #000000; color: #000000; font-family: Montserrat, sans-serif; text-align: justify;\">Aix\u00ed mateix, i d&#8217;acord amb el que s&#8217;estableix en la Llei 34\/2002, d&#8217;11 de juliol, de Serveis de la Societat de la Informaci\u00f3 i del Comer\u00e7 Electr\u00f2nic, completant el formulari de recollida de dades i marcant la corresponent casella &#8220;Accepto&#8221; est\u00e0 atorgant el consentiment expr\u00e9s per enviar-li a la seva adre\u00e7a de correu electr\u00f2nic, tel\u00e8fon, fax o un altre mitj\u00e0 electr\u00f2nic l&#8217;enviament d&#8217;informaci\u00f3 sobre l&#8217;Empresa.<\/p>\n<p><\/p>\t\t\t\t\t\t\t\t<\/div>\n\t\t\t\t<\/div>\n\t\t\t\t\t<\/div>\n\t\t\t\t<\/div>\n\t\t\t\t<\/div>\n\t\t","protected":false},"excerpt":{"rendered":"<p>Pol\u00edtica de privacitat Amb la finalitat de donar compliment a l&#8217;article 10 de la Llei 34\/2002 de Serveis de la Societat de la Informaci\u00f3 i Comer\u00e7 Electr\u00f2nic, informem l&#8217;usuari de les nostres dades: Nom comercial: LICITACTIVA Domicili social: RAMBLA DE LA LLIBERTAT, 6, GIRONA Tel\u00e8fon: 646 419 174 Email: licitactiva@licitactiva.cat P\u00e0gina web: www.licitactiva.cat 1. RESPONSABLE [&hellip;]<\/p>\n","protected":false},"author":1,"featured_media":0,"parent":0,"menu_order":0,"comment_status":"closed","ping_status":"closed","template":"","meta":{"footnotes":""},"class_list":["post-15754","page","type-page","status-publish","hentry"],"yoast_head":"<!-- This site is optimized with the Yoast SEO plugin v27.6 - https:\/\/yoast.com\/product\/yoast-seo-wordpress\/ -->\n<title>Pol\u00edtica de privacitat - Licitactiva<\/title>\n<meta name=\"robots\" content=\"index, follow, max-snippet:-1, max-image-preview:large, max-video-preview:-1\" \/>\n<link rel=\"canonical\" href=\"https:\/\/licitactiva.com\/ca\/politica-de-privacitat\/\" \/>\n<meta property=\"og:locale\" content=\"ca_ES\" \/>\n<meta property=\"og:type\" content=\"article\" \/>\n<meta property=\"og:title\" content=\"Pol\u00edtica de privacitat - Licitactiva\" \/>\n<meta property=\"og:description\" content=\"Pol\u00edtica de privacitat Amb la finalitat de donar compliment a l&#8217;article 10 de la Llei 34\/2002 de Serveis de la Societat de la Informaci\u00f3 i Comer\u00e7 Electr\u00f2nic, informem l&#8217;usuari de les nostres dades: Nom comercial: LICITACTIVA Domicili social: RAMBLA DE LA LLIBERTAT, 6, GIRONA Tel\u00e8fon: 646 419 174 Email: licitactiva@licitactiva.cat P\u00e0gina web: www.licitactiva.cat 1. RESPONSABLE [&hellip;]\" \/>\n<meta property=\"og:url\" content=\"https:\/\/licitactiva.com\/ca\/politica-de-privacitat\/\" \/>\n<meta property=\"og:site_name\" content=\"Licitactiva\" \/>\n<meta property=\"article:modified_time\" content=\"2026-05-12T15:20:59+00:00\" \/>\n<meta name=\"twitter:card\" content=\"summary_large_image\" \/>\n<meta name=\"twitter:label1\" content=\"Temps estimat de lectura\" \/>\n\t<meta name=\"twitter:data1\" content=\"6 minuts\" \/>\n<script type=\"application\/ld+json\" class=\"yoast-schema-graph\">{\"@context\":\"https:\\\/\\\/schema.org\",\"@graph\":[{\"@type\":\"WebPage\",\"@id\":\"https:\\\/\\\/licitactiva.com\\\/ca\\\/politica-de-privacitat\\\/\",\"url\":\"https:\\\/\\\/licitactiva.com\\\/ca\\\/politica-de-privacitat\\\/\",\"name\":\"Pol\u00edtica de privacitat - Licitactiva\",\"isPartOf\":{\"@id\":\"https:\\\/\\\/licitactiva.com\\\/ca\\\/#website\"},\"datePublished\":\"2026-04-22T10:20:28+00:00\",\"dateModified\":\"2026-05-12T15:20:59+00:00\",\"breadcrumb\":{\"@id\":\"https:\\\/\\\/licitactiva.com\\\/ca\\\/politica-de-privacitat\\\/#breadcrumb\"},\"inLanguage\":\"ca\",\"potentialAction\":[{\"@type\":\"ReadAction\",\"target\":[\"https:\\\/\\\/licitactiva.com\\\/ca\\\/politica-de-privacitat\\\/\"]}]},{\"@type\":\"BreadcrumbList\",\"@id\":\"https:\\\/\\\/licitactiva.com\\\/ca\\\/politica-de-privacitat\\\/#breadcrumb\",\"itemListElement\":[{\"@type\":\"ListItem\",\"position\":1,\"name\":\"Portada\",\"item\":\"https:\\\/\\\/licitactiva.com\\\/ca\\\/\"},{\"@type\":\"ListItem\",\"position\":2,\"name\":\"Pol\u00edtica de privacitat\"}]},{\"@type\":\"WebSite\",\"@id\":\"https:\\\/\\\/licitactiva.com\\\/ca\\\/#website\",\"url\":\"https:\\\/\\\/licitactiva.com\\\/ca\\\/\",\"name\":\"Licitactiva\",\"description\":\"\",\"publisher\":{\"@id\":\"https:\\\/\\\/licitactiva.com\\\/ca\\\/#organization\"},\"potentialAction\":[{\"@type\":\"SearchAction\",\"target\":{\"@type\":\"EntryPoint\",\"urlTemplate\":\"https:\\\/\\\/licitactiva.com\\\/ca\\\/?s={search_term_string}\"},\"query-input\":{\"@type\":\"PropertyValueSpecification\",\"valueRequired\":true,\"valueName\":\"search_term_string\"}}],\"inLanguage\":\"ca\"},{\"@type\":\"Organization\",\"@id\":\"https:\\\/\\\/licitactiva.com\\\/ca\\\/#organization\",\"name\":\"Licitactiva\",\"url\":\"https:\\\/\\\/licitactiva.com\\\/ca\\\/\",\"logo\":{\"@type\":\"ImageObject\",\"inLanguage\":\"ca\",\"@id\":\"https:\\\/\\\/licitactiva.com\\\/ca\\\/#\\\/schema\\\/logo\\\/image\\\/\",\"url\":\"https:\\\/\\\/licitactiva.com\\\/wp-content\\\/uploads\\\/2026\\\/05\\\/licitactiva9.png\",\"contentUrl\":\"https:\\\/\\\/licitactiva.com\\\/wp-content\\\/uploads\\\/2026\\\/05\\\/licitactiva9.png\",\"width\":777,\"height\":120,\"caption\":\"Licitactiva\"},\"image\":{\"@id\":\"https:\\\/\\\/licitactiva.com\\\/ca\\\/#\\\/schema\\\/logo\\\/image\\\/\"},\"sameAs\":[\"https:\\\/\\\/www.instagram.com\\\/licitactiva\\\/\"]}]}<\/script>\n<!-- \/ Yoast SEO plugin. -->","yoast_head_json":{"title":"Pol\u00edtica de privacitat - Licitactiva","robots":{"index":"index","follow":"follow","max-snippet":"max-snippet:-1","max-image-preview":"max-image-preview:large","max-video-preview":"max-video-preview:-1"},"canonical":"https:\/\/licitactiva.com\/ca\/politica-de-privacitat\/","og_locale":"ca_ES","og_type":"article","og_title":"Pol\u00edtica de privacitat - Licitactiva","og_description":"Pol\u00edtica de privacitat Amb la finalitat de donar compliment a l&#8217;article 10 de la Llei 34\/2002 de Serveis de la Societat de la Informaci\u00f3 i Comer\u00e7 Electr\u00f2nic, informem l&#8217;usuari de les nostres dades: Nom comercial: LICITACTIVA Domicili social: RAMBLA DE LA LLIBERTAT, 6, GIRONA Tel\u00e8fon: 646 419 174 Email: licitactiva@licitactiva.cat P\u00e0gina web: www.licitactiva.cat 1. RESPONSABLE [&hellip;]","og_url":"https:\/\/licitactiva.com\/ca\/politica-de-privacitat\/","og_site_name":"Licitactiva","article_modified_time":"2026-05-12T15:20:59+00:00","twitter_card":"summary_large_image","twitter_misc":{"Temps estimat de lectura":"6 minuts"},"schema":{"@context":"https:\/\/schema.org","@graph":[{"@type":"WebPage","@id":"https:\/\/licitactiva.com\/ca\/politica-de-privacitat\/","url":"https:\/\/licitactiva.com\/ca\/politica-de-privacitat\/","name":"Pol\u00edtica de privacitat - Licitactiva","isPartOf":{"@id":"https:\/\/licitactiva.com\/ca\/#website"},"datePublished":"2026-04-22T10:20:28+00:00","dateModified":"2026-05-12T15:20:59+00:00","breadcrumb":{"@id":"https:\/\/licitactiva.com\/ca\/politica-de-privacitat\/#breadcrumb"},"inLanguage":"ca","potentialAction":[{"@type":"ReadAction","target":["https:\/\/licitactiva.com\/ca\/politica-de-privacitat\/"]}]},{"@type":"BreadcrumbList","@id":"https:\/\/licitactiva.com\/ca\/politica-de-privacitat\/#breadcrumb","itemListElement":[{"@type":"ListItem","position":1,"name":"Portada","item":"https:\/\/licitactiva.com\/ca\/"},{"@type":"ListItem","position":2,"name":"Pol\u00edtica de privacitat"}]},{"@type":"WebSite","@id":"https:\/\/licitactiva.com\/ca\/#website","url":"https:\/\/licitactiva.com\/ca\/","name":"Licitactiva","description":"","publisher":{"@id":"https:\/\/licitactiva.com\/ca\/#organization"},"potentialAction":[{"@type":"SearchAction","target":{"@type":"EntryPoint","urlTemplate":"https:\/\/licitactiva.com\/ca\/?s={search_term_string}"},"query-input":{"@type":"PropertyValueSpecification","valueRequired":true,"valueName":"search_term_string"}}],"inLanguage":"ca"},{"@type":"Organization","@id":"https:\/\/licitactiva.com\/ca\/#organization","name":"Licitactiva","url":"https:\/\/licitactiva.com\/ca\/","logo":{"@type":"ImageObject","inLanguage":"ca","@id":"https:\/\/licitactiva.com\/ca\/#\/schema\/logo\/image\/","url":"https:\/\/licitactiva.com\/wp-content\/uploads\/2026\/05\/licitactiva9.png","contentUrl":"https:\/\/licitactiva.com\/wp-content\/uploads\/2026\/05\/licitactiva9.png","width":777,"height":120,"caption":"Licitactiva"},"image":{"@id":"https:\/\/licitactiva.com\/ca\/#\/schema\/logo\/image\/"},"sameAs":["https:\/\/www.instagram.com\/licitactiva\/"]}]}},"_links":{"self":[{"href":"https:\/\/licitactiva.com\/ca\/wp-json\/wp\/v2\/pages\/15754","targetHints":{"allow":["GET"]}}],"collection":[{"href":"https:\/\/licitactiva.com\/ca\/wp-json\/wp\/v2\/pages"}],"about":[{"href":"https:\/\/licitactiva.com\/ca\/wp-json\/wp\/v2\/types\/page"}],"author":[{"embeddable":true,"href":"https:\/\/licitactiva.com\/ca\/wp-json\/wp\/v2\/users\/1"}],"replies":[{"embeddable":true,"href":"https:\/\/licitactiva.com\/ca\/wp-json\/wp\/v2\/comments?post=15754"}],"version-history":[{"count":1,"href":"https:\/\/licitactiva.com\/ca\/wp-json\/wp\/v2\/pages\/15754\/revisions"}],"predecessor-version":[{"id":15755,"href":"https:\/\/licitactiva.com\/ca\/wp-json\/wp\/v2\/pages\/15754\/revisions\/15755"}],"wp:attachment":[{"href":"https:\/\/licitactiva.com\/ca\/wp-json\/wp\/v2\/media?parent=15754"}],"curies":[{"name":"wp","href":"https:\/\/api.w.org\/{rel}","templated":true}]}}