{"id":15752,"date":"2026-04-22T10:19:51","date_gmt":"2026-04-22T10:19:51","guid":{"rendered":"https:\/\/licitactiva.com\/politica-de-cookies\/"},"modified":"2026-05-12T15:20:22","modified_gmt":"2026-05-12T15:20:22","slug":"politica-de-cookies","status":"publish","type":"page","link":"https:\/\/licitactiva.com\/ca\/politica-de-cookies\/","title":{"rendered":"Pol\u00edtica de cookies"},"content":{"rendered":"\t\t<div data-elementor-type=\"wp-page\" data-elementor-id=\"15752\" class=\"elementor elementor-15752 elementor-132\" data-elementor-post-type=\"page\">\n\t\t\t\t<div class=\"elementor-element elementor-element-4c83f00 e-con-full e-flex e-con e-parent\" data-id=\"4c83f00\" data-element_type=\"container\" data-e-type=\"container\" data-settings=\"{&quot;background_background&quot;:&quot;classic&quot;}\">\n\t\t<div class=\"elementor-element elementor-element-a3d57a5 e-con-full e-flex e-con e-child\" data-id=\"a3d57a5\" data-element_type=\"container\" data-e-type=\"container\">\n\t\t\t\t<div class=\"elementor-element elementor-element-1a48c18 elementor-widget elementor-widget-spacer\" data-id=\"1a48c18\" data-element_type=\"widget\" data-e-type=\"widget\" data-widget_type=\"spacer.default\">\n\t\t\t\t\t\t\t<div class=\"elementor-spacer\">\n\t\t\t<div class=\"elementor-spacer-inner\"><\/div>\n\t\t<\/div>\n\t\t\t\t\t\t<\/div>\n\t\t\t\t<div class=\"elementor-element elementor-element-72a0adb elementor-widget elementor-widget-heading\" data-id=\"72a0adb\" data-element_type=\"widget\" data-e-type=\"widget\" data-widget_type=\"heading.default\">\n\t\t\t\t\t<h1 class=\"elementor-heading-title elementor-size-default\">Pol\u00edtica de cookies<\/h1>\t\t\t\t<\/div>\n\t\t\t\t<div class=\"elementor-element elementor-element-60910f2 elementor-widget elementor-widget-spacer\" data-id=\"60910f2\" data-element_type=\"widget\" data-e-type=\"widget\" data-widget_type=\"spacer.default\">\n\t\t\t\t\t\t\t<div class=\"elementor-spacer\">\n\t\t\t<div class=\"elementor-spacer-inner\"><\/div>\n\t\t<\/div>\n\t\t\t\t\t\t<\/div>\n\t\t\t\t<\/div>\n\t\t\t\t<\/div>\n\t\t<div class=\"elementor-element elementor-element-c1c5e98 e-flex e-con-boxed e-con e-parent\" data-id=\"c1c5e98\" data-element_type=\"container\" data-e-type=\"container\">\n\t\t\t\t\t<div class=\"e-con-inner\">\n\t\t<div class=\"elementor-element elementor-element-0003ce1 e-con-full e-flex e-con e-child\" data-id=\"0003ce1\" data-element_type=\"container\" data-e-type=\"container\">\n\t\t\t\t<div class=\"elementor-element elementor-element-8ed7d15 elementor-widget elementor-widget-text-editor\" data-id=\"8ed7d15\" data-element_type=\"widget\" data-e-type=\"widget\" data-widget_type=\"text-editor.default\">\n\t\t\t\t\t\t\t\t\t<div style=\"caret-color: #000000; color: #000000; width: 1013.3125px;\" data-id=\"d2b5297\" data-element_type=\"column\"><div style=\"width: 1013.3125px; padding: 10px;\"><div style=\"--flex-direction: initial; --flex-wrap: initial; --justify-content: initial; --align-items: initial; --align-content: initial; --gap: initial; --flex-basis: initial; --flex-grow: initial; --flex-shrink: initial; --order: initial; --align-self: initial; gap: var(--gap); --swiper-theme-color: #000; --swiper-navigation-size: 44px; --swiper-pagination-bullet-size: 6px; --swiper-pagination-bullet-horizontal-gap: 6px; --widgets-spacing: 20px 20px; width: 993.3125px;\" data-id=\"ad230f3\" data-element_type=\"widget\" data-widget_type=\"heading.default\"><div style=\"transition: background 0.3s,border 0.3s,border-radius 0.3s,box-shadow 0.3s,transform var(--e-transform-transition-duration,0.4s);\"><div class=\"traductor-textarea form-group\"><div class=\"textarea-desti col-xs-12 col-sm-6\"><div class=\"form-control second-textarea\">Amb la finalitat de donar compliment a l\u2019article 10 de la Llei 34\/2002, de serveis de la societat de la informaci\u00f3 i e-commerce, informem l\u2019usuari de les nostres dades:<br><br>Nom comercial: LICITACTIVA<br><br>Domicili social: RAMBLA DE LA LLIBERTAT, 6, GIRONA<br><br>Tel\u00e8fon: 646 419 174<br><br>E-mail: licitactiva@licitactiva.cat<br><br>P\u00e0gina web: www.licitactiva.cat<br><br><br><br><br>1. ANTECEDENTS<br\/>De conformitat amb la normativa espanyola que regula l\u2019\u00fas de cookies en relaci\u00f3 amb la prestaci\u00f3 de serveis de comunicacions electr\u00f2niques, recollida a l\u2019article 22.2 de la Llei 34\/2002, de l\u201911 de juliol, de serveis de la societat de la informaci\u00f3 i d\u2019e-commerce, l\u2019informem sobre les cookies utilitzades al lloc web d\u2019OLOT BARBERSHOP i el motiu del seu \u00fas.<br><br>2. QU\u00c8 S\u00d3N LES COOKIES<br\/>Una cookie \u00e9s un fitxer que es descarrega al seu ordinador en accedir a determinades p\u00e0gines web. Les cookies permeten, en una p\u00e0gina web, entre altres coses, emmagatzemar i recuperar informaci\u00f3 sobre els h\u00e0bits de navegaci\u00f3 d\u2019un usuari o del seu equip i, depenent de la informaci\u00f3 que continguin i de la manera com utilitzi el seu equip, es poden utilitzar per recon\u00e8ixer l\u2019usuari. Les cookies s\u2019associen \u00fanicament a un usuari an\u00f2nim i al seu ordinador o dispositiu i no proporcionen refer\u00e8ncies que permetin con\u00e8ixer les seves dades personals.  <br><br>3. TIPUS DE COOKIES<br><br>3.1. Segons l\u2019entitat que les gestiona<br><br>a. Cookies pr\u00f2pies: s\u00f3n aquelles que s\u2019envien a l\u2019equip terminal de l\u2019usuari des d\u2019un equip o domini gestionat pel mateix editor i des del qual es presta el servei sol\u00b7licitat per l\u2019usuari.<br\/>b. Cookies de tercers: s\u00f3n aquelles que s\u2019envien a l\u2019equip terminal de l\u2019usuari des d\u2019un equip o domini que no \u00e9s gestionat per l\u2019editor, sin\u00f3 per una altra entitat que tracta les dades obtingudes a trav\u00e9s de les cookies. <br><br>3.2. Segons la finalitat<br\/>Hi ha moltes finalitats per a l\u2019\u00fas de les cookies. Segons la finalitat per a la qual es tractin les dades obtingudes a trav\u00e9s de les cookies, algunes de les finalitats poden ser: <br><br>a) Cookies t\u00e8cniques: s\u00f3n aquelles que permeten a l\u2019usuari la navegaci\u00f3 a trav\u00e9s d\u2019una p\u00e0gina web, plataforma o aplicaci\u00f3 i la utilitzaci\u00f3 de les diferents opcions o serveis que hi hagi, incloent-hi aquelles que l\u2019editor utilitza per permetre la gesti\u00f3 i l\u2019operativa de la p\u00e0gina web i habilitar-ne les funcions i serveis, com, per exemple, controlar el tr\u00e0nsit i la comunicaci\u00f3 de dades, identificar la sessi\u00f3, accedir a parts d\u2019acc\u00e9s restringit, recordar els elements que integren una comanda, realitzar el proc\u00e9s de compra d\u2019una comanda, gestionar el pagament, controlar el frau vinculat a la seguretat del servei, realitzar la sol\u00b7licitud d\u2019inscripci\u00f3 o participaci\u00f3 en un esdeveniment, comptar visites a efectes de la facturaci\u00f3 de llic\u00e8ncies del programari amb el qual funciona el servei (lloc web, plataforma o aplicaci\u00f3), utilitzar elements de seguretat durant la navegaci\u00f3, emmagatzemar continguts per a la difusi\u00f3 de v\u00eddeos o so, habilitar continguts din\u00e0mics (per exemple, animaci\u00f3 de c\u00e0rrega d\u2019un text o imatge) o compartir continguts a trav\u00e9s de xarxes socials.<br>Les cookies t\u00e8cniques estaran exemptes del compliment de les obligacions establertes a l\u2019article 22.2 de la LSSI quan permetin prestar el servei sol\u00b7licitat per l\u2019usuari, com passa en el cas de les cookies enumerades als par\u00e0grafs anteriors. Tanmateix, si aquestes cookies tamb\u00e9 s\u2019utilitzen per a finalitats no exemptes (per exemple, per a fins publicitaris comportamentals), quedaran subjectes a aquestes obligacions. <br>b) Cookies de prefer\u00e8ncies o personalitzaci\u00f3: s\u00f3n aquelles que permeten recordar informaci\u00f3 perqu\u00e8 l\u2019usuari accedeixi al servei amb determinades caracter\u00edstiques que poden diferenciar la seva experi\u00e8ncia de la d\u2019altres usuaris, com, per exemple, l\u2019idioma, el nombre de resultats a mostrar quan l\u2019usuari fa una cerca, l\u2019aspecte o contingut del servei en funci\u00f3 del tipus de navegador a trav\u00e9s del qual l\u2019usuari accedeix al servei o de la regi\u00f3 des de la qual hi accedeix, etc.<br>Si \u00e9s el mateix usuari qui tria aquestes caracter\u00edstiques (per exemple, si selecciona l\u2019idioma d\u2019un lloc web clicant la icona de la bandera del pa\u00eds corresponent), les cookies estaran exemptes de les obligacions de l\u2019article 22.2 de la LSSI per considerar-se un servei expressament sol\u00b7licitat per l\u2019usuari, i aix\u00f2 sempre que les cookies obeeixin exclusivament a la finalitat seleccionada.<br>c) Cookies d\u2019an\u00e0lisi o mesurament: s\u00f3n aquelles que permeten al responsable fer el seguiment i l\u2019an\u00e0lisi del comportament dels usuaris dels llocs web als quals estan vinculades, inclosa la quantificaci\u00f3 dels impactes dels anuncis. La informaci\u00f3 recollida mitjan\u00e7ant aquest tipus de cookies s\u2019utilitza en el mesurament de l\u2019activitat dels llocs web, aplicaci\u00f3 o plataforma, amb la finalitat d\u2019introduir millores en funci\u00f3 de l\u2019an\u00e0lisi de les dades d\u2019\u00fas que fan els usuaris del servei.<br\/>d) Cookies de publicitat comportamental: s\u00f3n aquelles que emmagatzemen informaci\u00f3 del comportament dels usuaris obtinguda a trav\u00e9s de l\u2019observaci\u00f3 continuada dels seus h\u00e0bits de navegaci\u00f3, cosa que permet desenvolupar un perfil espec\u00edfic per mostrar publicitat en funci\u00f3 d\u2019aquest. <br><br>3.3. Segons el termini de temps que romanen activades<br><br>a) Cookies de sessi\u00f3: s\u00f3n aquelles dissenyades per recaptar i emmagatzemar dades mentre l\u2019usuari accedeix a una p\u00e0gina web. Se solen emprar per emmagatzemar informaci\u00f3 que nom\u00e9s interessa conservar per a la prestaci\u00f3 del servei sol\u00b7licitat per l\u2019usuari en una sola ocasi\u00f3 (per exemple, una llista de productes adquirits) i desapareixen en acabar la sessi\u00f3.<br\/>b) Cookies persistents: s\u00f3n aquelles en qu\u00e8 les dades continuen emmagatzemades al terminal i poden ser accedides i tractades durant un per\u00edode definit pel responsable de la cookie, que pot anar d\u2019uns minuts a diversos anys. <br><br>4. LLISTAT DE COOKIES UTILITZADES PER AQUEST LLOC WEB<br\/>La utilitzaci\u00f3 de les cookies ofereix avantatges en la prestaci\u00f3 de serveis dins del que es coneix com la societat de la informaci\u00f3, ja que facilita a l\u2019usuari la navegaci\u00f3 i l\u2019acc\u00e9s als diferents serveis que ofereix aquest lloc web; evita que l\u2019usuari hagi de configurar les caracter\u00edstiques generals predefinides cada vegada que accedeix al lloc web; afavoreix la millora del funcionament i dels serveis prestats a trav\u00e9s d\u2019aquest lloc web, despr\u00e9s de la corresponent an\u00e0lisi de la informaci\u00f3 obtinguda a trav\u00e9s de les cookies instal\u00b7lades.<br><br>\u20285. REVOCACI\u00d3 I ELIMINACI\u00d3 DE COOKIES<br\/>En tot moment podr\u00e0 accedir a la configuraci\u00f3 del seu navegador acceptant o rebutjant totes les cookies, o b\u00e9 seleccionar aquelles la instal\u00b7laci\u00f3 de les quals admet i quines no, seguint els procediments propis del navegador que utilitzi. <br><br>6. TERCERS PRESTADORS DE SERVEIS<br\/>Els tercers prestadors de serveis amb els quals hem contractat algun servei per al qual \u00e9s necess\u00e0ria la utilitzaci\u00f3 de cookies s\u00f3n els que es llisten a continuaci\u00f3:<br><br>Prove\u00efdor:<br\/>GOOGLE INC<br><br>Finalitat del servei i de les cookies:<br\/>An\u00e0lisi estad\u00edstica del lloc web a nivell de comptabilitzaci\u00f3 de visitants, p\u00e0gines visitades, paraules clau utilitzades i similars<br><br>Informaci\u00f3 del prove\u00efdor:<br><a href=\"http:\/\/www.google.es\/intl\/es\/policies\/privacy\/\" target=\"_blank\" rel=\"noopener\">http:\/\/www.google.es\/intl\/es\/policies\/privacy\/<\/a><\/div><\/div><\/div><\/div><\/div><\/div><\/div>\t\t\t\t\t\t\t\t<\/div>\n\t\t\t\t<\/div>\n\t\t\t\t\t<\/div>\n\t\t\t\t<\/div>\n\t\t\t\t<\/div>\n\t\t","protected":false},"excerpt":{"rendered":"<p>Pol\u00edtica de cookies Amb la finalitat de donar compliment a l\u2019article 10 de la Llei 34\/2002, de serveis de la societat de la informaci\u00f3 i e-commerce, informem l\u2019usuari de les nostres dades: Nom comercial: LICITACTIVA Domicili social: RAMBLA DE LA LLIBERTAT, 6, GIRONA Tel\u00e8fon: 646 419 174 E-mail: licitactiva@licitactiva.cat P\u00e0gina web: www.licitactiva.cat 1. ANTECEDENTSDe conformitat [&hellip;]<\/p>\n","protected":false},"author":1,"featured_media":0,"parent":0,"menu_order":0,"comment_status":"closed","ping_status":"closed","template":"","meta":{"footnotes":""},"class_list":["post-15752","page","type-page","status-publish","hentry"],"yoast_head":"<!-- This site is optimized with the Yoast SEO plugin v27.6 - https:\/\/yoast.com\/product\/yoast-seo-wordpress\/ -->\n<title>Pol\u00edtica de cookies - Licitactiva<\/title>\n<meta name=\"robots\" content=\"index, follow, max-snippet:-1, max-image-preview:large, max-video-preview:-1\" \/>\n<link rel=\"canonical\" href=\"https:\/\/licitactiva.com\/ca\/politica-de-cookies\/\" \/>\n<meta property=\"og:locale\" content=\"ca_ES\" \/>\n<meta property=\"og:type\" content=\"article\" \/>\n<meta property=\"og:title\" content=\"Pol\u00edtica de cookies - Licitactiva\" \/>\n<meta property=\"og:description\" content=\"Pol\u00edtica de cookies Amb la finalitat de donar compliment a l\u2019article 10 de la Llei 34\/2002, de serveis de la societat de la informaci\u00f3 i e-commerce, informem l\u2019usuari de les nostres dades: Nom comercial: LICITACTIVA Domicili social: RAMBLA DE LA LLIBERTAT, 6, GIRONA Tel\u00e8fon: 646 419 174 E-mail: licitactiva@licitactiva.cat P\u00e0gina web: www.licitactiva.cat 1. ANTECEDENTSDe conformitat [&hellip;]\" \/>\n<meta property=\"og:url\" content=\"https:\/\/licitactiva.com\/ca\/politica-de-cookies\/\" \/>\n<meta property=\"og:site_name\" content=\"Licitactiva\" \/>\n<meta property=\"article:modified_time\" content=\"2026-05-12T15:20:22+00:00\" \/>\n<meta name=\"twitter:card\" content=\"summary_large_image\" \/>\n<meta name=\"twitter:label1\" content=\"Temps estimat de lectura\" \/>\n\t<meta name=\"twitter:data1\" content=\"6 minuts\" \/>\n<script type=\"application\/ld+json\" class=\"yoast-schema-graph\">{\"@context\":\"https:\\\/\\\/schema.org\",\"@graph\":[{\"@type\":\"WebPage\",\"@id\":\"https:\\\/\\\/licitactiva.com\\\/ca\\\/politica-de-cookies\\\/\",\"url\":\"https:\\\/\\\/licitactiva.com\\\/ca\\\/politica-de-cookies\\\/\",\"name\":\"Pol\u00edtica de cookies - Licitactiva\",\"isPartOf\":{\"@id\":\"https:\\\/\\\/licitactiva.com\\\/ca\\\/#website\"},\"datePublished\":\"2026-04-22T10:19:51+00:00\",\"dateModified\":\"2026-05-12T15:20:22+00:00\",\"breadcrumb\":{\"@id\":\"https:\\\/\\\/licitactiva.com\\\/ca\\\/politica-de-cookies\\\/#breadcrumb\"},\"inLanguage\":\"ca\",\"potentialAction\":[{\"@type\":\"ReadAction\",\"target\":[\"https:\\\/\\\/licitactiva.com\\\/ca\\\/politica-de-cookies\\\/\"]}]},{\"@type\":\"BreadcrumbList\",\"@id\":\"https:\\\/\\\/licitactiva.com\\\/ca\\\/politica-de-cookies\\\/#breadcrumb\",\"itemListElement\":[{\"@type\":\"ListItem\",\"position\":1,\"name\":\"Portada\",\"item\":\"https:\\\/\\\/licitactiva.com\\\/ca\\\/\"},{\"@type\":\"ListItem\",\"position\":2,\"name\":\"Pol\u00edtica de cookies\"}]},{\"@type\":\"WebSite\",\"@id\":\"https:\\\/\\\/licitactiva.com\\\/ca\\\/#website\",\"url\":\"https:\\\/\\\/licitactiva.com\\\/ca\\\/\",\"name\":\"Licitactiva\",\"description\":\"\",\"publisher\":{\"@id\":\"https:\\\/\\\/licitactiva.com\\\/ca\\\/#organization\"},\"potentialAction\":[{\"@type\":\"SearchAction\",\"target\":{\"@type\":\"EntryPoint\",\"urlTemplate\":\"https:\\\/\\\/licitactiva.com\\\/ca\\\/?s={search_term_string}\"},\"query-input\":{\"@type\":\"PropertyValueSpecification\",\"valueRequired\":true,\"valueName\":\"search_term_string\"}}],\"inLanguage\":\"ca\"},{\"@type\":\"Organization\",\"@id\":\"https:\\\/\\\/licitactiva.com\\\/ca\\\/#organization\",\"name\":\"Licitactiva\",\"url\":\"https:\\\/\\\/licitactiva.com\\\/ca\\\/\",\"logo\":{\"@type\":\"ImageObject\",\"inLanguage\":\"ca\",\"@id\":\"https:\\\/\\\/licitactiva.com\\\/ca\\\/#\\\/schema\\\/logo\\\/image\\\/\",\"url\":\"https:\\\/\\\/licitactiva.com\\\/wp-content\\\/uploads\\\/2026\\\/05\\\/licitactiva9.png\",\"contentUrl\":\"https:\\\/\\\/licitactiva.com\\\/wp-content\\\/uploads\\\/2026\\\/05\\\/licitactiva9.png\",\"width\":777,\"height\":120,\"caption\":\"Licitactiva\"},\"image\":{\"@id\":\"https:\\\/\\\/licitactiva.com\\\/ca\\\/#\\\/schema\\\/logo\\\/image\\\/\"},\"sameAs\":[\"https:\\\/\\\/www.instagram.com\\\/licitactiva\\\/\"]}]}<\/script>\n<!-- \/ Yoast SEO plugin. -->","yoast_head_json":{"title":"Pol\u00edtica de cookies - Licitactiva","robots":{"index":"index","follow":"follow","max-snippet":"max-snippet:-1","max-image-preview":"max-image-preview:large","max-video-preview":"max-video-preview:-1"},"canonical":"https:\/\/licitactiva.com\/ca\/politica-de-cookies\/","og_locale":"ca_ES","og_type":"article","og_title":"Pol\u00edtica de cookies - Licitactiva","og_description":"Pol\u00edtica de cookies Amb la finalitat de donar compliment a l\u2019article 10 de la Llei 34\/2002, de serveis de la societat de la informaci\u00f3 i e-commerce, informem l\u2019usuari de les nostres dades: Nom comercial: LICITACTIVA Domicili social: RAMBLA DE LA LLIBERTAT, 6, GIRONA Tel\u00e8fon: 646 419 174 E-mail: licitactiva@licitactiva.cat P\u00e0gina web: www.licitactiva.cat 1. ANTECEDENTSDe conformitat [&hellip;]","og_url":"https:\/\/licitactiva.com\/ca\/politica-de-cookies\/","og_site_name":"Licitactiva","article_modified_time":"2026-05-12T15:20:22+00:00","twitter_card":"summary_large_image","twitter_misc":{"Temps estimat de lectura":"6 minuts"},"schema":{"@context":"https:\/\/schema.org","@graph":[{"@type":"WebPage","@id":"https:\/\/licitactiva.com\/ca\/politica-de-cookies\/","url":"https:\/\/licitactiva.com\/ca\/politica-de-cookies\/","name":"Pol\u00edtica de cookies - Licitactiva","isPartOf":{"@id":"https:\/\/licitactiva.com\/ca\/#website"},"datePublished":"2026-04-22T10:19:51+00:00","dateModified":"2026-05-12T15:20:22+00:00","breadcrumb":{"@id":"https:\/\/licitactiva.com\/ca\/politica-de-cookies\/#breadcrumb"},"inLanguage":"ca","potentialAction":[{"@type":"ReadAction","target":["https:\/\/licitactiva.com\/ca\/politica-de-cookies\/"]}]},{"@type":"BreadcrumbList","@id":"https:\/\/licitactiva.com\/ca\/politica-de-cookies\/#breadcrumb","itemListElement":[{"@type":"ListItem","position":1,"name":"Portada","item":"https:\/\/licitactiva.com\/ca\/"},{"@type":"ListItem","position":2,"name":"Pol\u00edtica de cookies"}]},{"@type":"WebSite","@id":"https:\/\/licitactiva.com\/ca\/#website","url":"https:\/\/licitactiva.com\/ca\/","name":"Licitactiva","description":"","publisher":{"@id":"https:\/\/licitactiva.com\/ca\/#organization"},"potentialAction":[{"@type":"SearchAction","target":{"@type":"EntryPoint","urlTemplate":"https:\/\/licitactiva.com\/ca\/?s={search_term_string}"},"query-input":{"@type":"PropertyValueSpecification","valueRequired":true,"valueName":"search_term_string"}}],"inLanguage":"ca"},{"@type":"Organization","@id":"https:\/\/licitactiva.com\/ca\/#organization","name":"Licitactiva","url":"https:\/\/licitactiva.com\/ca\/","logo":{"@type":"ImageObject","inLanguage":"ca","@id":"https:\/\/licitactiva.com\/ca\/#\/schema\/logo\/image\/","url":"https:\/\/licitactiva.com\/wp-content\/uploads\/2026\/05\/licitactiva9.png","contentUrl":"https:\/\/licitactiva.com\/wp-content\/uploads\/2026\/05\/licitactiva9.png","width":777,"height":120,"caption":"Licitactiva"},"image":{"@id":"https:\/\/licitactiva.com\/ca\/#\/schema\/logo\/image\/"},"sameAs":["https:\/\/www.instagram.com\/licitactiva\/"]}]}},"_links":{"self":[{"href":"https:\/\/licitactiva.com\/ca\/wp-json\/wp\/v2\/pages\/15752","targetHints":{"allow":["GET"]}}],"collection":[{"href":"https:\/\/licitactiva.com\/ca\/wp-json\/wp\/v2\/pages"}],"about":[{"href":"https:\/\/licitactiva.com\/ca\/wp-json\/wp\/v2\/types\/page"}],"author":[{"embeddable":true,"href":"https:\/\/licitactiva.com\/ca\/wp-json\/wp\/v2\/users\/1"}],"replies":[{"embeddable":true,"href":"https:\/\/licitactiva.com\/ca\/wp-json\/wp\/v2\/comments?post=15752"}],"version-history":[{"count":1,"href":"https:\/\/licitactiva.com\/ca\/wp-json\/wp\/v2\/pages\/15752\/revisions"}],"predecessor-version":[{"id":15753,"href":"https:\/\/licitactiva.com\/ca\/wp-json\/wp\/v2\/pages\/15752\/revisions\/15753"}],"wp:attachment":[{"href":"https:\/\/licitactiva.com\/ca\/wp-json\/wp\/v2\/media?parent=15752"}],"curies":[{"name":"wp","href":"https:\/\/api.w.org\/{rel}","templated":true}]}}