{"id":15732,"date":"2026-04-22T10:21:13","date_gmt":"2026-04-22T10:21:13","guid":{"rendered":"https:\/\/licitactiva.com\/pressupost\/"},"modified":"2026-05-13T07:30:57","modified_gmt":"2026-05-13T07:30:57","slug":"pressupost","status":"publish","type":"page","link":"https:\/\/licitactiva.com\/ca\/pressupost\/","title":{"rendered":"Pressupost"},"content":{"rendered":"\t\t<div data-elementor-type=\"wp-page\" data-elementor-id=\"15732\" class=\"elementor elementor-15732 elementor-136\" data-elementor-post-type=\"page\">\n\t\t\t\t<div class=\"elementor-element elementor-element-7e0a783 e-con-full e-flex e-con e-parent\" data-id=\"7e0a783\" data-element_type=\"container\" data-e-type=\"container\" data-settings=\"{&quot;background_background&quot;:&quot;classic&quot;}\">\n\t\t<div class=\"elementor-element elementor-element-70356ce e-con-full e-flex e-con e-child\" data-id=\"70356ce\" data-element_type=\"container\" data-e-type=\"container\">\n\t\t\t\t<div class=\"elementor-element elementor-element-fc26962 elementor-widget elementor-widget-spacer\" data-id=\"fc26962\" data-element_type=\"widget\" data-e-type=\"widget\" data-widget_type=\"spacer.default\">\n\t\t\t\t\t\t\t<div class=\"elementor-spacer\">\n\t\t\t<div class=\"elementor-spacer-inner\"><\/div>\n\t\t<\/div>\n\t\t\t\t\t\t<\/div>\n\t\t\t\t<div class=\"elementor-element elementor-element-c68c097 elementor-widget elementor-widget-heading\" data-id=\"c68c097\" data-element_type=\"widget\" data-e-type=\"widget\" data-widget_type=\"heading.default\">\n\t\t\t\t\t<h2 class=\"elementor-heading-title elementor-size-default\">DEMANA PRESSUPOST<\/h2>\t\t\t\t<\/div>\n\t\t\t\t<div class=\"elementor-element elementor-element-ef64c63 elementor-hidden-mobile elementor-widget elementor-widget-text-editor\" data-id=\"ef64c63\" data-element_type=\"widget\" data-e-type=\"widget\" data-widget_type=\"text-editor.default\">\n\t\t\t\t\t\t\t\t\t<p>Ompliu el seg\u00fcent formulari per demanar un pressupost.<\/p>\n\t\t\t\t\t\t\t\t<\/div>\n\t\t\t\t<div class=\"elementor-element elementor-element-43e5b5c elementor-hidden-desktop elementor-hidden-tablet elementor-widget elementor-widget-text-editor\" data-id=\"43e5b5c\" data-element_type=\"widget\" data-e-type=\"widget\" data-widget_type=\"text-editor.default\">\n\t\t\t\t\t\t\t\t\t<p>Ompliu el seg\u00fcent formulari<br\/>per demanar un pressupost.<\/p>\n\t\t\t\t\t\t\t\t<\/div>\n\t\t<div class=\"elementor-element elementor-element-f30c03c e-con-full e-flex e-con e-child\" data-id=\"f30c03c\" data-element_type=\"container\" data-e-type=\"container\">\n\t\t<div class=\"elementor-element elementor-element-348b0af e-con-full e-flex e-con e-child\" data-id=\"348b0af\" data-element_type=\"container\" data-e-type=\"container\">\n\t\t\t\t<\/div>\n\t\t<div class=\"elementor-element elementor-element-9c0616b e-con-full e-flex e-con e-child\" data-id=\"9c0616b\" data-element_type=\"container\" data-e-type=\"container\">\n\t\t\t\t<div class=\"elementor-element elementor-element-f419a4e elementor-button-align-stretch elementor-invisible elementor-widget elementor-widget-form\" data-id=\"f419a4e\" data-element_type=\"widget\" data-e-type=\"widget\" data-settings=\"{&quot;step_next_label&quot;:&quot;Seg\\u00fcent&quot;,&quot;step_previous_label&quot;:&quot;Anterior&quot;,&quot;_animation&quot;:&quot;fadeIn&quot;,&quot;_animation_delay&quot;:300,&quot;button_width&quot;:&quot;100&quot;,&quot;step_type&quot;:&quot;number_text&quot;,&quot;step_icon_shape&quot;:&quot;circle&quot;}\" data-widget_type=\"form.default\">\n\t\t\t\t\t\t\t<form class=\"elementor-form\" method=\"post\" name=\"Formulari\" aria-label=\"Formulari\">\n\t\t\t<input type=\"hidden\" name=\"post_id\" value=\"15732\"\/>\n\t\t\t<input type=\"hidden\" name=\"form_id\" value=\"f419a4e\"\/>\n\t\t\t<input type=\"hidden\" name=\"referer_title\" value=\"Pressupost per a licitacions p\u00fabliques - Licitactiva\" \/>\n\n\t\t\t\t\t\t\t<input type=\"hidden\" name=\"queried_id\" value=\"15732\"\/>\n\t\t\t\n\t\t\t<div class=\"elementor-form-fields-wrapper elementor-labels-\">\n\t\t\t\t\t\t\t\t<div class=\"elementor-field-type-text elementor-field-group elementor-column elementor-field-group-name elementor-col-100 elementor-field-required\">\n\t\t\t\t\t\t\t\t\t\t\t\t<label for=\"form-field-name\" class=\"elementor-field-label elementor-screen-only\">\n\t\t\t\t\t\t\t\tNom\t\t\t\t\t\t\t<\/label>\n\t\t\t\t\t\t\t\t\t\t\t\t\t\t<input size=\"1\" type=\"text\" name=\"form_fields[name]\" id=\"form-field-name\" class=\"elementor-field elementor-size-sm  elementor-field-textual\" placeholder=\"Nom\" required=\"required\">\n\t\t\t\t\t\t\t\t\t\t\t<\/div>\n\t\t\t\t\t\t\t\t<div class=\"elementor-field-type-email elementor-field-group elementor-column elementor-field-group-email elementor-col-100 elementor-field-required\">\n\t\t\t\t\t\t\t\t\t\t\t\t<label for=\"form-field-email\" class=\"elementor-field-label elementor-screen-only\">\n\t\t\t\t\t\t\t\tCorreu electr\u00f2nic\t\t\t\t\t\t\t<\/label>\n\t\t\t\t\t\t\t\t\t\t\t\t\t\t<input size=\"1\" type=\"email\" name=\"form_fields[email]\" id=\"form-field-email\" class=\"elementor-field elementor-size-sm  elementor-field-textual\" placeholder=\"Correu electr\u00f2nic\" required=\"required\">\n\t\t\t\t\t\t\t\t\t\t\t<\/div>\n\t\t\t\t\t\t\t\t<div class=\"elementor-field-type-tel elementor-field-group elementor-column elementor-field-group-field_f222a41 elementor-col-100 elementor-field-required\">\n\t\t\t\t\t\t\t\t\t\t\t\t<label for=\"form-field-field_f222a41\" class=\"elementor-field-label elementor-screen-only\">\n\t\t\t\t\t\t\t\tTel\u00e8fon\t\t\t\t\t\t\t<\/label>\n\t\t\t\t\t\t\t\t<input size=\"1\" type=\"tel\" name=\"form_fields[field_f222a41]\" id=\"form-field-field_f222a41\" class=\"elementor-field elementor-size-sm  elementor-field-textual\" placeholder=\"Tel\u00e8fon\" required=\"required\" pattern=\"[0-9()#&amp;+*-=.]+\" title=\"Only numbers and phone characters (#, -, *, etc) are accepted.\">\n\n\t\t\t\t\t\t<\/div>\n\t\t\t\t\t\t\t\t<div class=\"elementor-field-type-textarea elementor-field-group elementor-column elementor-field-group-message elementor-col-100\">\n\t\t\t\t\t\t\t\t\t\t\t\t<label for=\"form-field-message\" class=\"elementor-field-label elementor-screen-only\">\n\t\t\t\t\t\t\t\tMissatge  \t\t\t\t\t\t\t<\/label>\n\t\t\t\t\t\t<textarea class=\"elementor-field-textual elementor-field  elementor-size-sm\" name=\"form_fields[message]\" id=\"form-field-message\" rows=\"4\" placeholder=\"Missatge  \"><\/textarea>\t\t\t\t<\/div>\n\t\t\t\t\t\t\t\t<div class=\"elementor-field-type-acceptance elementor-field-group elementor-column elementor-field-group-field_37121de elementor-col-100 elementor-field-required\">\n\t\t\t\t\t\t\t\t\t\t\t\t<label for=\"form-field-field_37121de\" class=\"elementor-field-label elementor-screen-only\">\n\t\t\t\t\t\t\t\tAcceptaci\u00f3 legal\t\t\t\t\t\t\t<\/label>\n\t\t\t\t\t\t\t\t<div class=\"elementor-field-subgroup\">\n\t\t\t<span class=\"elementor-field-option\">\n\t\t\t\t<input type=\"checkbox\" name=\"form_fields[field_37121de]\" id=\"form-field-field_37121de\" class=\"elementor-field elementor-size-sm  elementor-acceptance-field\" required=\"required\">\n\t\t\t\t<label for=\"form-field-field_37121de\"><p style=\"font-size:16px;\">Accepto les condicions de tractament de les meves dades tal com s\u2019indica a la pol\u00edtica de privacitat.<\/p><\/label>\t\t\t<\/span>\n\t\t<\/div>\n\t\t\t\t\t\t<\/div>\n\t\t\t\t\t\t\t\t<div class=\"elementor-field-type-recaptcha_v3 elementor-field-group elementor-column elementor-field-group-field_41177f0 elementor-col-100 recaptcha_v3-bottomright\">\n\t\t\t\t\t<div class=\"elementor-field\" id=\"form-field-field_41177f0\"><div class=\"elementor-g-recaptcha\" data-sitekey=\"6Lc1YMQsAAAAAO6CrpTLzH-SwyKDXUI8m-9x__uX\" data-type=\"v3\" data-action=\"Form\" data-badge=\"bottomright\" data-size=\"invisible\"><\/div><\/div>\t\t\t\t<\/div>\n\t\t\t\t\t\t\t\t<div class=\"elementor-field-group elementor-column elementor-field-type-submit elementor-col-100 e-form__buttons\">\n\t\t\t\t\t<button class=\"elementor-button elementor-size-sm\" type=\"submit\">\n\t\t\t\t\t\t<span class=\"elementor-button-content-wrapper\">\n\t\t\t\t\t\t\t\t\t\t\t\t\t\t\t\t\t\t\t\t\t\t<span class=\"elementor-button-text\">Enviar<\/span>\n\t\t\t\t\t\t\t\t\t\t\t\t\t<\/span>\n\t\t\t\t\t<\/button>\n\t\t\t\t<\/div>\n\t\t\t<\/div>\n\t\t<\/form>\n\t\t\t\t\t\t<\/div>\n\t\t\t\t<\/div>\n\t\t<div class=\"elementor-element elementor-element-bfc4475 e-con-full e-flex e-con e-child\" data-id=\"bfc4475\" data-element_type=\"container\" data-e-type=\"container\">\n\t\t\t\t<\/div>\n\t\t\t\t<\/div>\n\t\t\t\t<div class=\"elementor-element elementor-element-aa7b5a4 elementor-widget elementor-widget-spacer\" data-id=\"aa7b5a4\" data-element_type=\"widget\" data-e-type=\"widget\" data-widget_type=\"spacer.default\">\n\t\t\t\t\t\t\t<div class=\"elementor-spacer\">\n\t\t\t<div class=\"elementor-spacer-inner\"><\/div>\n\t\t<\/div>\n\t\t\t\t\t\t<\/div>\n\t\t\t\t<\/div>\n\t\t\t\t<\/div>\n\t\t\t\t<section class=\"elementor-section elementor-top-section elementor-element elementor-element-7f7e65c elementor-section-boxed elementor-section-height-default elementor-section-height-default\" data-id=\"7f7e65c\" data-element_type=\"section\" data-e-type=\"section\">\n\t\t\t\t\t\t<div class=\"elementor-container elementor-column-gap-default\">\n\t\t\t\t\t<div class=\"elementor-column elementor-col-100 elementor-top-column elementor-element elementor-element-fb52436\" data-id=\"fb52436\" data-element_type=\"column\" data-e-type=\"column\">\n\t\t\t<div class=\"elementor-widget-wrap elementor-element-populated\">\n\t\t\t\t\t\t<div class=\"elementor-element elementor-element-7e1a3df elementor-widget elementor-widget-spacer\" data-id=\"7e1a3df\" data-element_type=\"widget\" data-e-type=\"widget\" data-widget_type=\"spacer.default\">\n\t\t\t\t\t\t\t<div class=\"elementor-spacer\">\n\t\t\t<div class=\"elementor-spacer-inner\"><\/div>\n\t\t<\/div>\n\t\t\t\t\t\t<\/div>\n\t\t\t\t<section class=\"elementor-section elementor-inner-section elementor-element elementor-element-6af2c60 elementor-section-boxed elementor-section-height-default elementor-section-height-default\" data-id=\"6af2c60\" data-element_type=\"section\" data-e-type=\"section\">\n\t\t\t\t\t\t<div class=\"elementor-container elementor-column-gap-default\">\n\t\t\t\t\t<div class=\"elementor-column elementor-col-33 elementor-inner-column elementor-element elementor-element-59ae694\" data-id=\"59ae694\" data-element_type=\"column\" data-e-type=\"column\">\n\t\t\t<div class=\"elementor-widget-wrap\">\n\t\t\t\t\t\t\t<\/div>\n\t\t<\/div>\n\t\t\t\t<div class=\"elementor-column elementor-col-33 elementor-inner-column elementor-element elementor-element-bfd67dd\" data-id=\"bfd67dd\" data-element_type=\"column\" data-e-type=\"column\">\n\t\t\t<div class=\"elementor-widget-wrap elementor-element-populated\">\n\t\t\t\t\t\t<div class=\"elementor-element elementor-element-2e2f7d7 elementor-widget elementor-widget-image\" data-id=\"2e2f7d7\" data-element_type=\"widget\" data-e-type=\"widget\" data-settings=\"{&quot;motion_fx_motion_fx_scrolling&quot;:&quot;yes&quot;,&quot;motion_fx_translateY_effect&quot;:&quot;yes&quot;,&quot;motion_fx_translateY_direction&quot;:&quot;negative&quot;,&quot;motion_fx_translateY_speed&quot;:{&quot;unit&quot;:&quot;px&quot;,&quot;size&quot;:2,&quot;sizes&quot;:[]},&quot;motion_fx_translateY_affectedRange&quot;:{&quot;unit&quot;:&quot;%&quot;,&quot;size&quot;:&quot;&quot;,&quot;sizes&quot;:{&quot;start&quot;:0,&quot;end&quot;:50}},&quot;motion_fx_devices&quot;:[&quot;desktop&quot;,&quot;tablet&quot;,&quot;mobile&quot;]}\" data-widget_type=\"image.default\">\n\t\t\t\t\t\t\t\t\t\t\t\t\t\t\t<img fetchpriority=\"high\" decoding=\"async\" width=\"1334\" height=\"1291\" src=\"https:\/\/licitactiva.com\/wp-content\/uploads\/2026\/04\/licitactiva6.png\" class=\"attachment-full size-full wp-image-15717\" alt=\"Icono licitactiva\" srcset=\"https:\/\/licitactiva.com\/wp-content\/uploads\/2026\/04\/licitactiva6.png 1334w, https:\/\/licitactiva.com\/wp-content\/uploads\/2026\/04\/licitactiva6-300x290.png 300w, https:\/\/licitactiva.com\/wp-content\/uploads\/2026\/04\/licitactiva6-1024x991.png 1024w, https:\/\/licitactiva.com\/wp-content\/uploads\/2026\/04\/licitactiva6-768x743.png 768w\" sizes=\"(max-width: 1334px) 100vw, 1334px\" \/>\t\t\t\t\t\t\t\t\t\t\t\t\t\t\t<\/div>\n\t\t\t\t\t<\/div>\n\t\t<\/div>\n\t\t\t\t<div class=\"elementor-column elementor-col-33 elementor-inner-column elementor-element elementor-element-6badbc0\" data-id=\"6badbc0\" data-element_type=\"column\" data-e-type=\"column\">\n\t\t\t<div class=\"elementor-widget-wrap\">\n\t\t\t\t\t\t\t<\/div>\n\t\t<\/div>\n\t\t\t\t\t<\/div>\n\t\t<\/section>\n\t\t\t\t<section class=\"elementor-section elementor-inner-section elementor-element elementor-element-8f7bf52 elementor-section-boxed elementor-section-height-default elementor-section-height-default\" data-id=\"8f7bf52\" data-element_type=\"section\" data-e-type=\"section\">\n\t\t\t\t\t\t<div class=\"elementor-container elementor-column-gap-default\">\n\t\t\t\t\t<div class=\"elementor-column elementor-col-33 elementor-inner-column elementor-element elementor-element-4fb7b26 elementor-hidden-mobile\" data-id=\"4fb7b26\" data-element_type=\"column\" data-e-type=\"column\">\n\t\t\t<div class=\"elementor-widget-wrap\">\n\t\t\t\t\t\t\t<\/div>\n\t\t<\/div>\n\t\t\t\t<div class=\"elementor-column elementor-col-33 elementor-inner-column elementor-element elementor-element-89a2dfa\" data-id=\"89a2dfa\" data-element_type=\"column\" data-e-type=\"column\">\n\t\t\t<div class=\"elementor-widget-wrap elementor-element-populated\">\n\t\t\t\t\t\t<div class=\"elementor-element elementor-element-64e46e6 elementor-widget-divider--view-line elementor-widget elementor-widget-divider\" data-id=\"64e46e6\" data-element_type=\"widget\" data-e-type=\"widget\" data-widget_type=\"divider.default\">\n\t\t\t\t\t\t\t<div class=\"elementor-divider\">\n\t\t\t<span class=\"elementor-divider-separator\">\n\t\t\t\t\t\t<\/span>\n\t\t<\/div>\n\t\t\t\t\t\t<\/div>\n\t\t\t\t<div class=\"elementor-element elementor-element-08bc695 elementor-widget elementor-widget-text-editor\" data-id=\"08bc695\" data-element_type=\"widget\" data-e-type=\"widget\" data-widget_type=\"text-editor.default\">\n\t\t\t\t\t\t\t\t\t<p>O b\u00e9 contacteu amb nosaltres a trav\u00e9s dels canals que trobareu prement el bot\u00f3 seg\u00fcent:<\/p>\n\t\t\t\t\t\t\t\t<\/div>\n\t\t\t\t<div class=\"elementor-element elementor-element-8a6ac91 elementor-align-center elementor-mobile-align-justify elementor-invisible elementor-widget elementor-widget-button\" data-id=\"8a6ac91\" data-element_type=\"widget\" data-e-type=\"widget\" data-settings=\"{&quot;_animation&quot;:&quot;fadeIn&quot;,&quot;_animation_delay&quot;:600}\" data-widget_type=\"button.default\">\n\t\t\t\t\t\t\t\t\t\t<a class=\"elementor-button elementor-button-link elementor-size-sm\" href=\"https:\/\/licitactiva.cat\/contacte\/\">\n\t\t\t\t\t\t<span class=\"elementor-button-content-wrapper\">\n\t\t\t\t\t\t\t\t\t<span class=\"elementor-button-text\">CONTACTE<\/span>\n\t\t\t\t\t<\/span>\n\t\t\t\t\t<\/a>\n\t\t\t\t\t\t\t\t<\/div>\n\t\t\t\t<div class=\"elementor-element elementor-element-5906acc elementor-widget-divider--view-line elementor-widget elementor-widget-divider\" data-id=\"5906acc\" data-element_type=\"widget\" data-e-type=\"widget\" data-widget_type=\"divider.default\">\n\t\t\t\t\t\t\t<div class=\"elementor-divider\">\n\t\t\t<span class=\"elementor-divider-separator\">\n\t\t\t\t\t\t<\/span>\n\t\t<\/div>\n\t\t\t\t\t\t<\/div>\n\t\t\t\t\t<\/div>\n\t\t<\/div>\n\t\t\t\t<div class=\"elementor-column elementor-col-33 elementor-inner-column elementor-element elementor-element-db6f740\" data-id=\"db6f740\" data-element_type=\"column\" data-e-type=\"column\">\n\t\t\t<div class=\"elementor-widget-wrap\">\n\t\t\t\t\t\t\t<\/div>\n\t\t<\/div>\n\t\t\t\t\t<\/div>\n\t\t<\/section>\n\t\t\t\t<div class=\"elementor-element elementor-element-848485f elementor-widget elementor-widget-spacer\" data-id=\"848485f\" data-element_type=\"widget\" data-e-type=\"widget\" data-widget_type=\"spacer.default\">\n\t\t\t\t\t\t\t<div class=\"elementor-spacer\">\n\t\t\t<div class=\"elementor-spacer-inner\"><\/div>\n\t\t<\/div>\n\t\t\t\t\t\t<\/div>\n\t\t\t\t\t<\/div>\n\t\t<\/div>\n\t\t\t\t\t<\/div>\n\t\t<\/section>\n\t\t\t\t<\/div>\n\t\t","protected":false},"excerpt":{"rendered":"<p>DEMANA PRESSUPOST Ompliu el seg\u00fcent formulari per demanar un pressupost. Ompliu el seg\u00fcent formulariper demanar un pressupost. O b\u00e9 contacteu amb nosaltres a trav\u00e9s dels canals que trobareu prement el bot\u00f3 seg\u00fcent: CONTACTE<\/p>\n","protected":false},"author":1,"featured_media":15767,"parent":0,"menu_order":0,"comment_status":"closed","ping_status":"closed","template":"","meta":{"footnotes":""},"class_list":["post-15732","page","type-page","status-publish","has-post-thumbnail","hentry"],"yoast_head":"<!-- This site is optimized with the Yoast SEO plugin v27.6 - https:\/\/yoast.com\/product\/yoast-seo-wordpress\/ -->\n<title>Pressupost per a licitacions p\u00fabliques - Licitactiva<\/title>\n<meta name=\"description\" content=\"Sol\u00b7liciteu el vostre pressupost per a licitacions p\u00fabliques i descobriu com us podem ajudar en la gesti\u00f3 i presentaci\u00f3 d&#039;ofertes.\" \/>\n<meta name=\"robots\" content=\"index, follow, max-snippet:-1, max-image-preview:large, max-video-preview:-1\" \/>\n<link rel=\"canonical\" href=\"https:\/\/licitactiva.com\/ca\/pressupost\/\" \/>\n<meta property=\"og:locale\" content=\"ca_ES\" \/>\n<meta property=\"og:type\" content=\"article\" \/>\n<meta property=\"og:title\" content=\"Pressupost per a licitacions p\u00fabliques - Licitactiva\" \/>\n<meta property=\"og:description\" content=\"Sol\u00b7liciteu el vostre pressupost per a licitacions p\u00fabliques i descobriu com us podem ajudar en la gesti\u00f3 i presentaci\u00f3 d&#039;ofertes.\" \/>\n<meta property=\"og:url\" content=\"https:\/\/licitactiva.com\/ca\/pressupost\/\" \/>\n<meta property=\"og:site_name\" content=\"Licitactiva\" \/>\n<meta property=\"article:modified_time\" content=\"2026-05-13T07:30:57+00:00\" \/>\n<meta property=\"og:image\" content=\"https:\/\/licitactiva.com\/wp-content\/uploads\/2026\/04\/licitactiva-favicon.png\" \/>\n\t<meta property=\"og:image:width\" content=\"323\" \/>\n\t<meta property=\"og:image:height\" content=\"323\" \/>\n\t<meta property=\"og:image:type\" content=\"image\/png\" \/>\n<meta name=\"twitter:card\" content=\"summary_large_image\" \/>\n<script type=\"application\/ld+json\" class=\"yoast-schema-graph\">{\"@context\":\"https:\\\/\\\/schema.org\",\"@graph\":[{\"@type\":\"WebPage\",\"@id\":\"https:\\\/\\\/licitactiva.com\\\/ca\\\/pressupost\\\/\",\"url\":\"https:\\\/\\\/licitactiva.com\\\/ca\\\/pressupost\\\/\",\"name\":\"Pressupost per a licitacions p\u00fabliques - Licitactiva\",\"isPartOf\":{\"@id\":\"https:\\\/\\\/licitactiva.com\\\/ca\\\/#website\"},\"primaryImageOfPage\":{\"@id\":\"https:\\\/\\\/licitactiva.com\\\/ca\\\/pressupost\\\/#primaryimage\"},\"image\":{\"@id\":\"https:\\\/\\\/licitactiva.com\\\/ca\\\/pressupost\\\/#primaryimage\"},\"thumbnailUrl\":\"https:\\\/\\\/licitactiva.com\\\/wp-content\\\/uploads\\\/2026\\\/04\\\/licitactiva-favicon.png\",\"datePublished\":\"2026-04-22T10:21:13+00:00\",\"dateModified\":\"2026-05-13T07:30:57+00:00\",\"description\":\"Sol\u00b7liciteu el vostre pressupost per a licitacions p\u00fabliques i descobriu com us podem ajudar en la gesti\u00f3 i presentaci\u00f3 d'ofertes.\",\"breadcrumb\":{\"@id\":\"https:\\\/\\\/licitactiva.com\\\/ca\\\/pressupost\\\/#breadcrumb\"},\"inLanguage\":\"ca\",\"potentialAction\":[{\"@type\":\"ReadAction\",\"target\":[\"https:\\\/\\\/licitactiva.com\\\/ca\\\/pressupost\\\/\"]}]},{\"@type\":\"ImageObject\",\"inLanguage\":\"ca\",\"@id\":\"https:\\\/\\\/licitactiva.com\\\/ca\\\/pressupost\\\/#primaryimage\",\"url\":\"https:\\\/\\\/licitactiva.com\\\/wp-content\\\/uploads\\\/2026\\\/04\\\/licitactiva-favicon.png\",\"contentUrl\":\"https:\\\/\\\/licitactiva.com\\\/wp-content\\\/uploads\\\/2026\\\/04\\\/licitactiva-favicon.png\",\"width\":323,\"height\":323,\"caption\":\"Icono Licitactiva\"},{\"@type\":\"BreadcrumbList\",\"@id\":\"https:\\\/\\\/licitactiva.com\\\/ca\\\/pressupost\\\/#breadcrumb\",\"itemListElement\":[{\"@type\":\"ListItem\",\"position\":1,\"name\":\"Portada\",\"item\":\"https:\\\/\\\/licitactiva.com\\\/ca\\\/\"},{\"@type\":\"ListItem\",\"position\":2,\"name\":\"Pressupost\"}]},{\"@type\":\"WebSite\",\"@id\":\"https:\\\/\\\/licitactiva.com\\\/ca\\\/#website\",\"url\":\"https:\\\/\\\/licitactiva.com\\\/ca\\\/\",\"name\":\"Licitactiva\",\"description\":\"\",\"publisher\":{\"@id\":\"https:\\\/\\\/licitactiva.com\\\/ca\\\/#organization\"},\"potentialAction\":[{\"@type\":\"SearchAction\",\"target\":{\"@type\":\"EntryPoint\",\"urlTemplate\":\"https:\\\/\\\/licitactiva.com\\\/ca\\\/?s={search_term_string}\"},\"query-input\":{\"@type\":\"PropertyValueSpecification\",\"valueRequired\":true,\"valueName\":\"search_term_string\"}}],\"inLanguage\":\"ca\"},{\"@type\":\"Organization\",\"@id\":\"https:\\\/\\\/licitactiva.com\\\/ca\\\/#organization\",\"name\":\"Licitactiva\",\"url\":\"https:\\\/\\\/licitactiva.com\\\/ca\\\/\",\"logo\":{\"@type\":\"ImageObject\",\"inLanguage\":\"ca\",\"@id\":\"https:\\\/\\\/licitactiva.com\\\/ca\\\/#\\\/schema\\\/logo\\\/image\\\/\",\"url\":\"https:\\\/\\\/licitactiva.com\\\/wp-content\\\/uploads\\\/2026\\\/05\\\/licitactiva9.png\",\"contentUrl\":\"https:\\\/\\\/licitactiva.com\\\/wp-content\\\/uploads\\\/2026\\\/05\\\/licitactiva9.png\",\"width\":777,\"height\":120,\"caption\":\"Licitactiva\"},\"image\":{\"@id\":\"https:\\\/\\\/licitactiva.com\\\/ca\\\/#\\\/schema\\\/logo\\\/image\\\/\"},\"sameAs\":[\"https:\\\/\\\/www.instagram.com\\\/licitactiva\\\/\"]}]}<\/script>\n<!-- \/ Yoast SEO plugin. -->","yoast_head_json":{"title":"Pressupost per a licitacions p\u00fabliques - Licitactiva","description":"Sol\u00b7liciteu el vostre pressupost per a licitacions p\u00fabliques i descobriu com us podem ajudar en la gesti\u00f3 i presentaci\u00f3 d'ofertes.","robots":{"index":"index","follow":"follow","max-snippet":"max-snippet:-1","max-image-preview":"max-image-preview:large","max-video-preview":"max-video-preview:-1"},"canonical":"https:\/\/licitactiva.com\/ca\/pressupost\/","og_locale":"ca_ES","og_type":"article","og_title":"Pressupost per a licitacions p\u00fabliques - Licitactiva","og_description":"Sol\u00b7liciteu el vostre pressupost per a licitacions p\u00fabliques i descobriu com us podem ajudar en la gesti\u00f3 i presentaci\u00f3 d'ofertes.","og_url":"https:\/\/licitactiva.com\/ca\/pressupost\/","og_site_name":"Licitactiva","article_modified_time":"2026-05-13T07:30:57+00:00","og_image":[{"width":323,"height":323,"url":"https:\/\/licitactiva.com\/wp-content\/uploads\/2026\/04\/licitactiva-favicon.png","type":"image\/png"}],"twitter_card":"summary_large_image","schema":{"@context":"https:\/\/schema.org","@graph":[{"@type":"WebPage","@id":"https:\/\/licitactiva.com\/ca\/pressupost\/","url":"https:\/\/licitactiva.com\/ca\/pressupost\/","name":"Pressupost per a licitacions p\u00fabliques - Licitactiva","isPartOf":{"@id":"https:\/\/licitactiva.com\/ca\/#website"},"primaryImageOfPage":{"@id":"https:\/\/licitactiva.com\/ca\/pressupost\/#primaryimage"},"image":{"@id":"https:\/\/licitactiva.com\/ca\/pressupost\/#primaryimage"},"thumbnailUrl":"https:\/\/licitactiva.com\/wp-content\/uploads\/2026\/04\/licitactiva-favicon.png","datePublished":"2026-04-22T10:21:13+00:00","dateModified":"2026-05-13T07:30:57+00:00","description":"Sol\u00b7liciteu el vostre pressupost per a licitacions p\u00fabliques i descobriu com us podem ajudar en la gesti\u00f3 i presentaci\u00f3 d'ofertes.","breadcrumb":{"@id":"https:\/\/licitactiva.com\/ca\/pressupost\/#breadcrumb"},"inLanguage":"ca","potentialAction":[{"@type":"ReadAction","target":["https:\/\/licitactiva.com\/ca\/pressupost\/"]}]},{"@type":"ImageObject","inLanguage":"ca","@id":"https:\/\/licitactiva.com\/ca\/pressupost\/#primaryimage","url":"https:\/\/licitactiva.com\/wp-content\/uploads\/2026\/04\/licitactiva-favicon.png","contentUrl":"https:\/\/licitactiva.com\/wp-content\/uploads\/2026\/04\/licitactiva-favicon.png","width":323,"height":323,"caption":"Icono Licitactiva"},{"@type":"BreadcrumbList","@id":"https:\/\/licitactiva.com\/ca\/pressupost\/#breadcrumb","itemListElement":[{"@type":"ListItem","position":1,"name":"Portada","item":"https:\/\/licitactiva.com\/ca\/"},{"@type":"ListItem","position":2,"name":"Pressupost"}]},{"@type":"WebSite","@id":"https:\/\/licitactiva.com\/ca\/#website","url":"https:\/\/licitactiva.com\/ca\/","name":"Licitactiva","description":"","publisher":{"@id":"https:\/\/licitactiva.com\/ca\/#organization"},"potentialAction":[{"@type":"SearchAction","target":{"@type":"EntryPoint","urlTemplate":"https:\/\/licitactiva.com\/ca\/?s={search_term_string}"},"query-input":{"@type":"PropertyValueSpecification","valueRequired":true,"valueName":"search_term_string"}}],"inLanguage":"ca"},{"@type":"Organization","@id":"https:\/\/licitactiva.com\/ca\/#organization","name":"Licitactiva","url":"https:\/\/licitactiva.com\/ca\/","logo":{"@type":"ImageObject","inLanguage":"ca","@id":"https:\/\/licitactiva.com\/ca\/#\/schema\/logo\/image\/","url":"https:\/\/licitactiva.com\/wp-content\/uploads\/2026\/05\/licitactiva9.png","contentUrl":"https:\/\/licitactiva.com\/wp-content\/uploads\/2026\/05\/licitactiva9.png","width":777,"height":120,"caption":"Licitactiva"},"image":{"@id":"https:\/\/licitactiva.com\/ca\/#\/schema\/logo\/image\/"},"sameAs":["https:\/\/www.instagram.com\/licitactiva\/"]}]}},"_links":{"self":[{"href":"https:\/\/licitactiva.com\/ca\/wp-json\/wp\/v2\/pages\/15732","targetHints":{"allow":["GET"]}}],"collection":[{"href":"https:\/\/licitactiva.com\/ca\/wp-json\/wp\/v2\/pages"}],"about":[{"href":"https:\/\/licitactiva.com\/ca\/wp-json\/wp\/v2\/types\/page"}],"author":[{"embeddable":true,"href":"https:\/\/licitactiva.com\/ca\/wp-json\/wp\/v2\/users\/1"}],"replies":[{"embeddable":true,"href":"https:\/\/licitactiva.com\/ca\/wp-json\/wp\/v2\/comments?post=15732"}],"version-history":[{"count":3,"href":"https:\/\/licitactiva.com\/ca\/wp-json\/wp\/v2\/pages\/15732\/revisions"}],"predecessor-version":[{"id":16679,"href":"https:\/\/licitactiva.com\/ca\/wp-json\/wp\/v2\/pages\/15732\/revisions\/16679"}],"wp:featuredmedia":[{"embeddable":true,"href":"https:\/\/licitactiva.com\/ca\/wp-json\/wp\/v2\/media\/15767"}],"wp:attachment":[{"href":"https:\/\/licitactiva.com\/ca\/wp-json\/wp\/v2\/media?parent=15732"}],"curies":[{"name":"wp","href":"https:\/\/api.w.org\/{rel}","templated":true}]}}